{"id":2184,"date":"2025-12-23T12:33:27","date_gmt":"2025-12-23T10:33:27","guid":{"rendered":"https:\/\/www.bleiras.lt\/?page_id=2184"},"modified":"2025-12-29T11:17:33","modified_gmt":"2025-12-29T09:17:33","slug":"kokybes-politika","status":"publish","type":"page","link":"https:\/\/www.bleiras.lt\/de\/kokybes-politika\/","title":{"rendered":"Kokyb\u0117s politika"},"content":{"rendered":"\n<p class=\"has-text-align-center\"><strong>KOKYB\u0116S, APLINKOS APSAUGOS IR INFORMACIN\u0116S SAUGOS&nbsp;POLITIKA<\/strong>&nbsp;<\/p>\n\n\n\n<p class=\"has-text-align-center\">2025.12.09&nbsp;<\/p>\n\n\n\n<p>Bleiras\u202fLogistics\u201c&nbsp;u\u017etikrina\u202fkokybi\u0161k\u0105,&nbsp;saug\u0173\u202faplinkai&nbsp;ir papildomai informacine sauga paremt\u0105\u202ftransportavimo&nbsp;paslaug\u0173\u202forganizavim\u0105\u202fbei\u202fvaldym\u0105.\u202f&nbsp;<\/p>\n\n\n\n<p><strong>\u201e,Bleiras\u202fLogistics\u201c\u202fpagrindin\u0117s\u202fstrategin\u0117s\u202fkryptys:<\/strong>\u202f&nbsp;<\/p>\n\n\n\n<ul class=\"wp-block-list\">\n<li>U\u017etikrinti\u202fkokybi\u0161k\u0105\u202fir\u202fsavalaik\u012f\u202fklient\u0173\u202faptarnavim\u0105\u202f(paslaug\u0173\u202fvykdym\u0105);\u202f\u00a0<\/li>\n<\/ul>\n\n\n\n<ul class=\"wp-block-list\">\n<li>Si\u016blyti\u202fsavo\u202fklientams\u202fnaujus,\u202fgamt\u0105\u202ftausojan\u010dius\u202fsprendimus;\u202f\u00a0<\/li>\n<\/ul>\n\n\n\n<ul class=\"wp-block-list\">\n<li>S\u0117kmingai\u202fspr\u0119sti\u202fu\u017edavinius,\u202fkuriuos\u202fdiktuoja\u202flogistikos\u202frinka.\u202f\u00a0<\/li>\n<\/ul>\n\n\n\n<p>\u202f<strong>Siekdami\u202ftenkinti\u202fklient\u0173\u202fporeikius\u202f\u012fsipareigojame:<\/strong>\u202f&nbsp;<\/p>\n\n\n\n<ul class=\"wp-block-list\">\n<li>Kurti,\u202fpl\u0117sti\u202fir\u202fvaldyti\u202fveiklas,\u202fatsi\u017evelgiant\u202f\u012f\u202fklient\u0173\u202fporeikius\u202fir\u202fteisinius\u202freikalavimus;\u202f\u00a0<\/li>\n<\/ul>\n\n\n\n<ul class=\"wp-block-list\">\n<li>Taupiai naudoti gamtos i\u0161teklius, vykdyti tar\u0161os prevencij\u0105, teis\u0117s akt\u0173, susijusi\u0173 standart\u0173 ir \u012fmon\u0117je nustatyt\u0173 proced\u016br\u0173 reikalavimus, kiek galima labiau prisid\u0117ti prie klimato pasikeitimo\u202f\u0161velninimo;\u202f\u00a0<\/li>\n<\/ul>\n\n\n\n<ul class=\"wp-block-list\">\n<li>Siekti\u00a0glaudaus,\u00a0geranori\u0161ko\u00a0ir\u00a0abipusiai\u00a0naudingo\u00a0bendradarbiavimo\u00a0su\u00a0savo\u00a0klientais, darbuotojais, verslo partneriais, tiek\u0117jais, subrangovais, visuomene, bendruomene;\u202f\u00a0<\/li>\n<\/ul>\n\n\n\n<ul class=\"wp-block-list\">\n<li>Nuolat\u202fgerinti\u202fvadybos\u00a0ir informacinio saugumo\u00a0sistemos efektyvum\u0105, periodi\u0161kai stebint, vertinant\u202fbei\u202ftobulinant veiklos\u202fprocesus;\u202f\u00a0<\/li>\n<\/ul>\n\n\n\n<ul class=\"wp-block-list\">\n<li>R\u016bpintis\u00a0ir\u00a0i\u0161laikyti\u00a0auk\u0161t\u0105\u00a0m\u016bs\u0173\u00a0teikiam\u0173\u00a0paslaug\u0173\u00a0kokyb\u0119\u00a0bei\u00a0darbuotoj\u0173\u00a0kvalifikacij\u0105,\u00a0sudaryti saugias s\u0105lygas kokybi\u0161kam ir na\u0161iam darbui;\u00a0<\/li>\n<\/ul>\n\n\n\n<ul class=\"wp-block-list\">\n<li>U\u017etikrindami informacijos vientisum\u0105, konfidencialum\u0105 ir prieinamum\u0105 bei su ja ir jos valdymu susijusio turto (technologij\u0173), \u012fskaitant pa\u010dios organizacijos turt\u0105, saugum\u0105\u00a0bei pa\u017eangiausi\u0173 sprendim\u0173 informacijos valdymui diegim\u0105.\u00a0<\/li>\n<\/ul>\n\n\n\n<ul class=\"wp-block-list\">\n<li>Propaguoti ir \u012fgyvendinti \u0161i\u0105 politik\u0105, laikytis numatyt\u0173 \u012fsipareigojim\u0173, skirti reikiamus i\u0161teklius darbuotoj\u0173 ugdymui, j\u0173 atsakomyb\u0117s, motyvacijos ir kompetencijos augimui.\u202f\u00a0<\/li>\n<\/ul>\n\n\n\n<p>\u0160i\u0173 sieki\u0173 \u012fgyvendinimui \u012fdieg\u0117me ir nuolat tobuliname&nbsp;integruot\u0105 valdymo sistem\u0105, atitinkan\u010di\u0105 ISO 9001:2015, ISO 14001:2015&nbsp;standart\u0173 reikalavimus,&nbsp;bei prapl\u0117sdami&nbsp;ISO&nbsp;27001:2022&nbsp;standarto&nbsp;reikalavimais. Kokyb\u0117s,&nbsp;aplinkos apsaugos&nbsp;ir informacin\u0117s saugos&nbsp;politika yra nuolat per\u017ei\u016brima, prieinama visoms suinteresuotoms \u0161alims, ji \u017einoma ir suprantama visiems darbuotojams.\u202f&nbsp;<\/p>\n\n\n\n<p>\u202f&nbsp;<\/p>\n\n\n\n<p><\/p>\n","protected":false},"excerpt":{"rendered":"<p>KOKYB\u0116S, APLINKOS APSAUGOS IR INFORMACIN\u0116S SAUGOS&nbsp;POLITIKA&nbsp; 2025.12.09&nbsp; Bleiras\u202fLogistics\u201c&nbsp;u\u017etikrina\u202fkokybi\u0161k\u0105,&nbsp;saug\u0173\u202faplinkai&nbsp;ir papildomai informacine sauga paremt\u0105\u202ftransportavimo&nbsp;paslaug\u0173\u202forganizavim\u0105\u202fbei\u202fvaldym\u0105.\u202f&nbsp; \u201e,Bleiras\u202fLogistics\u201c\u202fpagrindin\u0117s\u202fstrategin\u0117s\u202fkryptys:\u202f&nbsp; \u202fSiekdami\u202ftenkinti\u202fklient\u0173\u202fporeikius\u202f\u012fsipareigojame:\u202f&nbsp; \u0160i\u0173 sieki\u0173 \u012fgyvendinimui \u012fdieg\u0117me ir nuolat tobuliname&nbsp;integruot\u0105 valdymo sistem\u0105, atitinkan\u010di\u0105 ISO 9001:2015, ISO 14001:2015&nbsp;standart\u0173 reikalavimus,&nbsp;bei prapl\u0117sdami&nbsp;ISO&nbsp;27001:2022&nbsp;standarto&nbsp;reikalavimais. Kokyb\u0117s,&nbsp;aplinkos apsaugos&nbsp;ir informacin\u0117s saugos&nbsp;politika yra nuolat per\u017ei\u016brima, prieinama visoms suinteresuotoms \u0161alims, ji \u017einoma ir suprantama visiems darbuotojams.\u202f&nbsp; \u202f&nbsp;<\/p>\n","protected":false},"author":3,"featured_media":0,"parent":0,"menu_order":0,"comment_status":"closed","ping_status":"closed","template":"","meta":{"footnotes":""},"class_list":["post-2184","page","type-page","status-publish","hentry","description-off"],"yoast_head":"<!-- This site is optimized with the Yoast SEO plugin v21.7 - https:\/\/yoast.com\/wordpress\/plugins\/seo\/ -->\n<title>Kokyb\u0117s politika - Bleiras Logistics<\/title>\n<meta name=\"robots\" content=\"index, follow, max-snippet:-1, max-image-preview:large, max-video-preview:-1\" \/>\n<link rel=\"canonical\" href=\"https:\/\/www.bleiras.lt\/kokybes-politika\/\" \/>\n<meta property=\"og:locale\" content=\"de_DE\" \/>\n<meta property=\"og:type\" content=\"article\" \/>\n<meta property=\"og:title\" content=\"Kokyb\u0117s politika - Bleiras Logistics\" \/>\n<meta property=\"og:description\" content=\"KOKYB\u0116S, APLINKOS APSAUGOS IR INFORMACIN\u0116S SAUGOS&nbsp;POLITIKA&nbsp; 2025.12.09&nbsp; Bleiras\u202fLogistics\u201c&nbsp;u\u017etikrina\u202fkokybi\u0161k\u0105,&nbsp;saug\u0173\u202faplinkai&nbsp;ir papildomai informacine sauga paremt\u0105\u202ftransportavimo&nbsp;paslaug\u0173\u202forganizavim\u0105\u202fbei\u202fvaldym\u0105.\u202f&nbsp; \u201e,Bleiras\u202fLogistics\u201c\u202fpagrindin\u0117s\u202fstrategin\u0117s\u202fkryptys:\u202f&nbsp; \u202fSiekdami\u202ftenkinti\u202fklient\u0173\u202fporeikius\u202f\u012fsipareigojame:\u202f&nbsp; \u0160i\u0173 sieki\u0173 \u012fgyvendinimui \u012fdieg\u0117me ir nuolat tobuliname&nbsp;integruot\u0105 valdymo sistem\u0105, atitinkan\u010di\u0105 ISO 9001:2015, ISO 14001:2015&nbsp;standart\u0173 reikalavimus,&nbsp;bei prapl\u0117sdami&nbsp;ISO&nbsp;27001:2022&nbsp;standarto&nbsp;reikalavimais. Kokyb\u0117s,&nbsp;aplinkos apsaugos&nbsp;ir informacin\u0117s saugos&nbsp;politika yra nuolat per\u017ei\u016brima, prieinama visoms suinteresuotoms \u0161alims, ji \u017einoma ir suprantama visiems darbuotojams.\u202f&nbsp; \u202f&nbsp;\" \/>\n<meta property=\"og:url\" content=\"https:\/\/www.bleiras.lt\/kokybes-politika\/\" \/>\n<meta property=\"og:site_name\" content=\"Bleiras Logistics\" \/>\n<meta property=\"article:modified_time\" content=\"2025-12-29T09:17:33+00:00\" \/>\n<meta property=\"og:image\" content=\"https:\/\/www.bleiras.lt\/wp-content\/uploads\/2022\/07\/Pagrindine-foto-01-01-2-2-2-2.jpg\" \/>\n\t<meta property=\"og:image:width\" content=\"2200\" \/>\n\t<meta property=\"og:image:height\" content=\"892\" \/>\n\t<meta property=\"og:image:type\" content=\"image\/jpeg\" \/>\n<meta name=\"twitter:card\" content=\"summary_large_image\" \/>\n<meta name=\"twitter:label1\" content=\"Gesch\u00e4tzte Lesezeit\" \/>\n\t<meta name=\"twitter:data1\" content=\"2\u00a0Minuten\" \/>\n<script type=\"application\/ld+json\" class=\"yoast-schema-graph\">{\"@context\":\"https:\/\/schema.org\",\"@graph\":[{\"@type\":\"WebPage\",\"@id\":\"https:\/\/www.bleiras.lt\/kokybes-politika\/\",\"url\":\"https:\/\/www.bleiras.lt\/kokybes-politika\/\",\"name\":\"Kokyb\u0117s politika - Bleiras Logistics\",\"isPartOf\":{\"@id\":\"https:\/\/www.bleiras.lt\/#website\"},\"datePublished\":\"2025-12-23T10:33:27+00:00\",\"dateModified\":\"2025-12-29T09:17:33+00:00\",\"breadcrumb\":{\"@id\":\"https:\/\/www.bleiras.lt\/kokybes-politika\/#breadcrumb\"},\"inLanguage\":\"de\",\"potentialAction\":[{\"@type\":\"ReadAction\",\"target\":[\"https:\/\/www.bleiras.lt\/kokybes-politika\/\"]}]},{\"@type\":\"BreadcrumbList\",\"@id\":\"https:\/\/www.bleiras.lt\/kokybes-politika\/#breadcrumb\",\"itemListElement\":[{\"@type\":\"ListItem\",\"position\":1,\"name\":\"Home\",\"item\":\"https:\/\/www.bleiras.lt\/\"},{\"@type\":\"ListItem\",\"position\":2,\"name\":\"Kokyb\u0117s politika\"}]},{\"@type\":\"WebSite\",\"@id\":\"https:\/\/www.bleiras.lt\/#website\",\"url\":\"https:\/\/www.bleiras.lt\/\",\"name\":\"Bleiras Logistics\",\"description\":\"Your partner on the road since 1994\",\"publisher\":{\"@id\":\"https:\/\/www.bleiras.lt\/#organization\"},\"potentialAction\":[{\"@type\":\"SearchAction\",\"target\":{\"@type\":\"EntryPoint\",\"urlTemplate\":\"https:\/\/www.bleiras.lt\/?s={search_term_string}\"},\"query-input\":\"required name=search_term_string\"}],\"inLanguage\":\"de\"},{\"@type\":\"Organization\",\"@id\":\"https:\/\/www.bleiras.lt\/#organization\",\"name\":\"Bleiras Logistics\",\"url\":\"https:\/\/www.bleiras.lt\/\",\"logo\":{\"@type\":\"ImageObject\",\"inLanguage\":\"de\",\"@id\":\"https:\/\/www.bleiras.lt\/#\/schema\/logo\/image\/\",\"url\":\"https:\/\/www.bleiras.lt\/wp-content\/uploads\/2022\/02\/bleiras-logo-red-floating.svg\",\"contentUrl\":\"https:\/\/www.bleiras.lt\/wp-content\/uploads\/2022\/02\/bleiras-logo-red-floating.svg\",\"width\":1,\"height\":1,\"caption\":\"Bleiras Logistics\"},\"image\":{\"@id\":\"https:\/\/www.bleiras.lt\/#\/schema\/logo\/image\/\"}}]}<\/script>\n<!-- \/ Yoast SEO plugin. -->","yoast_head_json":{"title":"Kokyb\u0117s politika - Bleiras Logistics","robots":{"index":"index","follow":"follow","max-snippet":"max-snippet:-1","max-image-preview":"max-image-preview:large","max-video-preview":"max-video-preview:-1"},"canonical":"https:\/\/www.bleiras.lt\/kokybes-politika\/","og_locale":"de_DE","og_type":"article","og_title":"Kokyb\u0117s politika - Bleiras Logistics","og_description":"KOKYB\u0116S, APLINKOS APSAUGOS IR INFORMACIN\u0116S SAUGOS&nbsp;POLITIKA&nbsp; 2025.12.09&nbsp; Bleiras\u202fLogistics\u201c&nbsp;u\u017etikrina\u202fkokybi\u0161k\u0105,&nbsp;saug\u0173\u202faplinkai&nbsp;ir papildomai informacine sauga paremt\u0105\u202ftransportavimo&nbsp;paslaug\u0173\u202forganizavim\u0105\u202fbei\u202fvaldym\u0105.\u202f&nbsp; \u201e,Bleiras\u202fLogistics\u201c\u202fpagrindin\u0117s\u202fstrategin\u0117s\u202fkryptys:\u202f&nbsp; \u202fSiekdami\u202ftenkinti\u202fklient\u0173\u202fporeikius\u202f\u012fsipareigojame:\u202f&nbsp; \u0160i\u0173 sieki\u0173 \u012fgyvendinimui \u012fdieg\u0117me ir nuolat tobuliname&nbsp;integruot\u0105 valdymo sistem\u0105, atitinkan\u010di\u0105 ISO 9001:2015, ISO 14001:2015&nbsp;standart\u0173 reikalavimus,&nbsp;bei prapl\u0117sdami&nbsp;ISO&nbsp;27001:2022&nbsp;standarto&nbsp;reikalavimais. Kokyb\u0117s,&nbsp;aplinkos apsaugos&nbsp;ir informacin\u0117s saugos&nbsp;politika yra nuolat per\u017ei\u016brima, prieinama visoms suinteresuotoms \u0161alims, ji \u017einoma ir suprantama visiems darbuotojams.\u202f&nbsp; \u202f&nbsp;","og_url":"https:\/\/www.bleiras.lt\/kokybes-politika\/","og_site_name":"Bleiras Logistics","article_modified_time":"2025-12-29T09:17:33+00:00","og_image":[{"width":2200,"height":892,"url":"https:\/\/www.bleiras.lt\/wp-content\/uploads\/2022\/07\/Pagrindine-foto-01-01-2-2-2-2.jpg","type":"image\/jpeg"}],"twitter_card":"summary_large_image","twitter_misc":{"Gesch\u00e4tzte Lesezeit":"2\u00a0Minuten"},"schema":{"@context":"https:\/\/schema.org","@graph":[{"@type":"WebPage","@id":"https:\/\/www.bleiras.lt\/kokybes-politika\/","url":"https:\/\/www.bleiras.lt\/kokybes-politika\/","name":"Kokyb\u0117s politika - Bleiras Logistics","isPartOf":{"@id":"https:\/\/www.bleiras.lt\/#website"},"datePublished":"2025-12-23T10:33:27+00:00","dateModified":"2025-12-29T09:17:33+00:00","breadcrumb":{"@id":"https:\/\/www.bleiras.lt\/kokybes-politika\/#breadcrumb"},"inLanguage":"de","potentialAction":[{"@type":"ReadAction","target":["https:\/\/www.bleiras.lt\/kokybes-politika\/"]}]},{"@type":"BreadcrumbList","@id":"https:\/\/www.bleiras.lt\/kokybes-politika\/#breadcrumb","itemListElement":[{"@type":"ListItem","position":1,"name":"Home","item":"https:\/\/www.bleiras.lt\/"},{"@type":"ListItem","position":2,"name":"Kokyb\u0117s politika"}]},{"@type":"WebSite","@id":"https:\/\/www.bleiras.lt\/#website","url":"https:\/\/www.bleiras.lt\/","name":"Bleiras Logistics","description":"Your partner on the road since 1994","publisher":{"@id":"https:\/\/www.bleiras.lt\/#organization"},"potentialAction":[{"@type":"SearchAction","target":{"@type":"EntryPoint","urlTemplate":"https:\/\/www.bleiras.lt\/?s={search_term_string}"},"query-input":"required name=search_term_string"}],"inLanguage":"de"},{"@type":"Organization","@id":"https:\/\/www.bleiras.lt\/#organization","name":"Bleiras Logistics","url":"https:\/\/www.bleiras.lt\/","logo":{"@type":"ImageObject","inLanguage":"de","@id":"https:\/\/www.bleiras.lt\/#\/schema\/logo\/image\/","url":"https:\/\/www.bleiras.lt\/wp-content\/uploads\/2022\/02\/bleiras-logo-red-floating.svg","contentUrl":"https:\/\/www.bleiras.lt\/wp-content\/uploads\/2022\/02\/bleiras-logo-red-floating.svg","width":1,"height":1,"caption":"Bleiras Logistics"},"image":{"@id":"https:\/\/www.bleiras.lt\/#\/schema\/logo\/image\/"}}]}},"_links":{"self":[{"href":"https:\/\/www.bleiras.lt\/de\/wp-json\/wp\/v2\/pages\/2184","targetHints":{"allow":["GET"]}}],"collection":[{"href":"https:\/\/www.bleiras.lt\/de\/wp-json\/wp\/v2\/pages"}],"about":[{"href":"https:\/\/www.bleiras.lt\/de\/wp-json\/wp\/v2\/types\/page"}],"author":[{"embeddable":true,"href":"https:\/\/www.bleiras.lt\/de\/wp-json\/wp\/v2\/users\/3"}],"replies":[{"embeddable":true,"href":"https:\/\/www.bleiras.lt\/de\/wp-json\/wp\/v2\/comments?post=2184"}],"version-history":[{"count":2,"href":"https:\/\/www.bleiras.lt\/de\/wp-json\/wp\/v2\/pages\/2184\/revisions"}],"predecessor-version":[{"id":2194,"href":"https:\/\/www.bleiras.lt\/de\/wp-json\/wp\/v2\/pages\/2184\/revisions\/2194"}],"wp:attachment":[{"href":"https:\/\/www.bleiras.lt\/de\/wp-json\/wp\/v2\/media?parent=2184"}],"curies":[{"name":"wp","href":"https:\/\/api.w.org\/{rel}","templated":true}]}}