{"id":1166,"date":"2022-05-09T17:34:30","date_gmt":"2022-05-09T14:34:30","guid":{"rendered":"https:\/\/www.bleiras.lt\/zentrum-fuer-fahrerausbildung\/"},"modified":"2025-09-22T13:29:56","modified_gmt":"2025-09-22T10:29:56","slug":"zentrum-fuer-fahrerausbildung","status":"publish","type":"page","link":"https:\/\/www.bleiras.lt\/de\/zentrum-fuer-fahrerausbildung\/","title":{"rendered":"Zentrum f\u00fcr Fahrerausbildung"},"content":{"rendered":"<div class=\"wpb-content-wrapper\"><p>[vc_row full_width=&#8221;stretch_row&#8221; equal_height=&#8221;yes&#8221; content_placement=&#8221;middle&#8221;][vc_column css_animation=&#8221;fadeInLeft&#8221; width=&#8221;1\/2&#8243; css=&#8221;.vc_custom_1649018740519{border-top-width: 1px !important;border-bottom-width: 1px !important;border-left-width: 1px !important;padding-top: 40px !important;padding-right: 50px !important;padding-bottom: 10px !important;padding-left: 50px !important;border-left-color: rgba(51,51,51,0.11) !important;border-left-style: solid !important;border-top-color: rgba(51,51,51,0.11) !important;border-top-style: solid !important;border-bottom-color: rgba(51,51,51,0.11) !important;border-bottom-style: solid !important;}&#8221;][vc_column_text]<\/p>\n<p style=\"font-weight: 400;\">Die Unternehmensgruppe von \u201cBleiras Logistics\u201d hat das Zentrum f\u00fcr Fahrerausbildung ENLETA gegr\u00fcndet, in dem wir k\u00fcnftige Fahrer auf ihren Beruf vorbereiten und ihnen alle notwendigen Kenntnisse f\u00fcr ihre ersten Fahrten vermitteln.<\/p>\n<p style=\"font-weight: 400;\">Wir haben ein intensives Fahrertraining entwickelt, das den zuk\u00fcnftigen Fahrern von \u201cBleiras Logistics\u201d sowohl theoretisches als auch praktisches Wissen \u00fcber die Feinheiten des Fahrens, die Berufsausbildung, das Verladen von G\u00fctern und vieles mehr vermittelt! Wir legen gro\u00dfen Wert auf eine wirtschaftliche Fahrausbildung und achten besonders auf die Sicherheit. Deshalb werden Sie ein echter Expeditionsprofi, wenn Sie Ihre Fahrerausbildung bei uns absolvieren.<\/p>\n<p style=\"font-weight: 400;\">Hier k\u00f6nnen Sie Ihre Berufsqualifikationsnummer 95 erhalten. Es handelt sich um einen ersten Bef\u00e4higungsnachweis, der zur Aus\u00fcbung des gewerblichen (entgeltlichen) G\u00fcterverkehrs in EU-L\u00e4ndern berechtigt.<\/p>\n<p><span style=\"font-weight: 400;\">Wir laden Fahrer mit Fahrerfahrung der CE-Kategorie ein, sich dem Bleiras Logistics-Team anzuschlie\u00dfen. Wenn Sie im Besitz eines F\u00fchrerscheins der entsprechenden Klasse sind und sich im Fernverkehr versuchen m\u00f6chten, nehmen Sie bitte Kontakt mit uns auf!<\/span>[\/vc_column_text][\/vc_column][vc_column parallax=&#8221;content-moving&#8221; parallax_image=&#8221;222&#8243; css_animation=&#8221;fadeInRight&#8221; width=&#8221;1\/2&#8243;][\/vc_column][\/vc_row][vc_row gap=&#8221;35&#8243; css=&#8221;.vc_custom_1648065113843{margin-top: 50px !important;}&#8221;][vc_column width=&#8221;1\/3&#8243;][vc_single_image image=&#8221;669&#8243; alignment=&#8221;center&#8221;][vc_custom_heading text=&#8221;95-Code&#8221; font_container=&#8221;tag:h3|text_align:center|color:%23bf2529&#8243; use_theme_fonts=&#8221;yes&#8221;][vc_column_text]<\/p>\n<div style=\"text-align: center;\">\n<div><span lang=\"DE\">Sie erhalten eine berufliche Grundqualifikation,<b> <\/b>die Sie zum Transport gewerblicher G\u00fcter bef\u00e4higt.<\/span><\/div>\n<\/div>\n<p>[\/vc_column_text][\/vc_column][vc_column width=&#8221;1\/3&#8243;][vc_single_image image=&#8221;681&#8243; alignment=&#8221;center&#8221;][vc_custom_heading text=&#8221;Konzentration&#8221; font_container=&#8221;tag:h3|text_align:center|color:%23bf2529&#8243; use_theme_fonts=&#8221;yes&#8221;][vc_column_text]<\/p>\n<p style=\"font-weight: 400; text-align: center;\">Konzentriertes Fahrertraining, das Ihnen alle theoretischen und praktischen Kenntnisse vermitteln, die Sie f\u00fcr Ihre ersten Fahrten ben\u00f6tigen.<\/p>\n<p>[\/vc_column_text][\/vc_column][vc_column width=&#8221;1\/3&#8243;][vc_single_image image=&#8221;673&#8243; alignment=&#8221;center&#8221;][vc_custom_heading text=&#8221;Professionalit\u00e4t&#8221; font_container=&#8221;tag:h3|text_align:center|color:%23bf2529&#8243; use_theme_fonts=&#8221;yes&#8221;][vc_column_text]<\/p>\n<p style=\"font-weight: 400; text-align: center;\">Das Zentrum f\u00fcr Fahrerausbildung verf\u00fcgt \u00fcber 13 professionelle Ausbilder, die ihr Wissen und ihre Erfahrung in mehr als 20 Jahren gesammelt haben.<\/p>\n<p>[\/vc_column_text][\/vc_column][\/vc_row][vc_row][vc_column][vc_separator][\/vc_column][\/vc_row][vc_row css=&#8221;.vc_custom_1648066063453{margin-top: 20px !important;}&#8221;][vc_column width=&#8221;1\/4&#8243;][\/vc_column][vc_column width=&#8221;1\/2&#8243;][vc_custom_heading text=&#8221;Wir laden Sie ein, dem Kurs-Team von \u201cBleiras Logistics\u201d beizutreten!<br \/>\nDas Zentrum f\u00fcr Fahrerausbildung befindet sich in Utena. Hier werden Sie 2 Wochen lang ein intensives Ganztagstraining absolvieren und gleich nach dem Intensivkurs begleiten wir Sie auf Ihrer ersten Reise.&#8221; font_container=&#8221;tag:h3|text_align:center&#8221; use_theme_fonts=&#8221;yes&#8221;][\/vc_column][vc_column width=&#8221;1\/4&#8243;][\/vc_column][\/vc_row][vc_row full_width=&#8221;stretch_row&#8221; equal_height=&#8221;yes&#8221; content_placement=&#8221;middle&#8221; css=&#8221;.vc_custom_1641506018939{margin-top: 50px !important;}&#8221;][vc_column css_animation=&#8221;fadeInLeft&#8221; width=&#8221;1\/2&#8243; css=&#8221;.vc_custom_1649018747649{border-top-width: 1px !important;border-bottom-width: 1px !important;border-left-width: 1px !important;padding-top: 40px !important;padding-right: 50px !important;padding-bottom: 40px !important;padding-left: 50px !important;border-left-color: rgba(51,51,51,0.11) !important;border-left-style: solid !important;border-top-color: rgba(51,51,51,0.11) !important;border-top-style: solid !important;border-bottom-color: rgba(51,51,51,0.11) !important;border-bottom-style: solid !important;}&#8221;][vc_custom_heading text=&#8221;Kurse f\u00fcr Lkw-Fahrer&#8221; font_container=&#8221;tag:h3|text_align:left&#8221; use_theme_fonts=&#8221;yes&#8221; css=&#8221;.vc_custom_1652108257032{padding-bottom: 30px !important;}&#8221;][vc_column_text]<\/p>\n<p style=\"font-weight: 400;\"><strong>Zweiw\u00f6chiger Intensivkurs:<\/strong><\/p>\n<p style=\"font-weight: 400;\">80 akad. Stunden<\/p>\n<p style=\"font-weight: 400;\"><strong>Theoretischer Unterricht:<\/strong><\/p>\n<p style=\"font-weight: 400;\">G\u00fcterbef\u00f6rderungsvorschriften, Zollverfahren, Arbeits- und Ruhezeitregelungen und -anforderungen, CMR, TIR, Fahrtenschreiber, verschiedene technische Merkmale;<\/p>\n<p style=\"font-weight: 400;\"><strong>Praktische Fahrstunden:<\/strong><\/p>\n<p style=\"font-weight: 400;\">Wirtschaftliches Fahren, sicheres und korrektes Verladen von G\u00fctern, Regeln f\u00fcr die Ladungssicherung, Beherrschung des Lkw unter extremen Bedingungen.<\/p>\n<p style=\"font-weight: 400;\"><strong>Unterrichten<\/strong>:<\/p>\n<p><span style=\"font-weight: 400;\">Fahrpr\u00fcfung mit Fahrlehrer<\/span>[\/vc_column_text][\/vc_column][vc_column parallax=&#8221;content-moving&#8221; parallax_image=&#8221;39&#8243; css_animation=&#8221;fadeInRight&#8221; width=&#8221;1\/2&#8243;][\/vc_column][\/vc_row][vc_row full_width=&#8221;stretch_row&#8221; equal_height=&#8221;yes&#8221; content_placement=&#8221;middle&#8221; css=&#8221;.vc_custom_1641506018939{margin-top: 50px !important;}&#8221;][vc_column parallax=&#8221;content-moving&#8221; parallax_image=&#8221;1968&#8243; css_animation=&#8221;fadeInLeft&#8221; width=&#8221;1\/2&#8243;][\/vc_column][vc_column css_animation=&#8221;fadeInRight&#8221; width=&#8221;1\/2&#8243; css=&#8221;.vc_custom_1649018756232{border-top-width: 1px !important;border-bottom-width: 1px !important;border-left-width: 1px !important;padding-top: 40px !important;padding-right: 50px !important;padding-bottom: 40px !important;padding-left: 50px !important;border-left-color: rgba(51,51,51,0.11) !important;border-left-style: solid !important;border-top-color: rgba(51,51,51,0.11) !important;border-top-style: solid !important;border-bottom-color: rgba(51,51,51,0.11) !important;border-bottom-style: solid !important;}&#8221;][vc_custom_heading text=&#8221;Kurse f\u00fcr Fahrer der Zugmaschine&#8221; font_container=&#8221;tag:h3|text_align:left&#8221; use_theme_fonts=&#8221;yes&#8221; css=&#8221;.vc_custom_1652108276932{padding-bottom: 30px !important;}&#8221;][vc_column_text]<\/p>\n<p style=\"font-weight: 400;\"><strong>Zweiw\u00f6chiger Intensivkurs:<\/strong><\/p>\n<p style=\"font-weight: 400;\">78 akad. Stunden<\/p>\n<p style=\"font-weight: 400;\"><strong>Theoretischer Unterricht:<\/strong><\/p>\n<p style=\"font-weight: 400;\">G\u00fcterbef\u00f6rderungsvorschriften, Zollverfahren, Arbeits-\/Ruhezeiten und Anforderungen, CMR, TIR, Fahrtenschreiber, verschiedene technische Merkmale;<\/p>\n<p style=\"font-weight: 400;\"><strong>Praktische Fahrstunden<\/strong>:<\/p>\n<p style=\"font-weight: 400;\">Wirtschaftliches Fahren, sicheres und korrektes Verladen von G\u00fctern, Regeln f\u00fcr die Ladungssicherung, Beherrschen der Zugmaschine unter extremen Bedingungen.<\/p>\n<p style=\"font-weight: 400;\"><strong>Unterrichtung<\/strong><\/p>\n<p style=\"font-weight: 400;\">Fahrpr\u00fcfung mit Fahrlehrer<\/p>\n<p><span style=\"font-weight: 400;\">Wenn Sie bereits \u00fcber Expeditionserfahrung verf\u00fcgen, dauert das Training nur 1 Woche.<\/span>[\/vc_column_text][\/vc_column][\/vc_row][vc_row css=&#8221;.vc_custom_1648066289834{margin-top: 50px !important;}&#8221;][vc_column width=&#8221;1\/4&#8243;][\/vc_column][vc_column width=&#8221;1\/2&#8243;][vc_column_text]<\/p>\n<p style=\"font-weight: 400; text-align: center;\">Wir freuen uns \u00fcber jeden, der sich als Berufskraftfahrer qualifizieren m\u00f6chte oder sich unserem Team anschlie\u00dfen will.<\/p>\n<p style=\"font-weight: 400; text-align: center;\">Bei uns haben Sie alle M\u00f6glichkeiten: Wir nehmen Fahrer mit Erfahrung, Fahrer ohne Erfahrung und Fahrer, die sich umschulen lassen wollen, auf. Wir sind hier, um Ihnen das n\u00f6tige Wissen, die Erfahrung und die Werkzeuge zur Verf\u00fcgung zu stellen.<\/p>\n<p>[\/vc_column_text][vc_custom_heading text=&#8221;Kontaktieren Sie uns unter&#8221; font_container=&#8221;tag:h3|text_align:center&#8221; use_theme_fonts=&#8221;yes&#8221;][vc_column_text]<\/p>\n<p style=\"font-weight: 400; text-align: center;\"><strong>Erfahren Sie mehr \u00fcber das Zentrum f\u00fcr Fahrerausbildung:<\/strong><\/p>\n<p style=\"font-weight: 400; text-align: center;\">E-Mail: mindaugas@bleiras.lt<\/p>\n<p style=\"font-weight: 400; text-align: center;\"><strong>F\u00fcr weitere Informationen \u00fcber die M\u00f6glichkeiten f\u00fcr Fahrer:<\/strong><\/p>\n<p style=\"text-align: center;\"><span style=\"font-weight: 400;\">Tel. Nr.: +37063117111<\/span><\/p>\n<p>[\/vc_column_text][\/vc_column][vc_column width=&#8221;1\/4&#8243;][\/vc_column][\/vc_row][vc_row][vc_column][vc_separator][\/vc_column][\/vc_row][vc_row][vc_column][vc_tta_accordion style=&#8221;flat&#8221; spacing=&#8221;10&#8243; active_section=&#8221;99999&#8243; no_fill=&#8221;true&#8221; collapsible_all=&#8221;true&#8221;][vc_tta_section title=&#8221;Was ist ein 95-Code?&#8221; tab_id=&#8221;1648066157263-7c704b71-7621&#8243;][vc_column_text]<\/p>\n<div><span lang=\"DE\">Dies ist die berufliche Grundqualifikation f\u00fcr die Bef\u00f6rderung von G\u00fctern oder Personen. Wenn Sie also einen F\u00fchrerschein besitzen, der Sie zum F\u00fchren von Fahrzeugen der Klassen C1, C1E, C, CE, D1, D1E, D, DE ohne Code 95 berechtigt, d\u00fcrfen Sie dies nur f\u00fcr private Zwecke tun. Wenn Sie die Berufsqualifikationsnummer 95 erworben haben, k\u00f6nnen Sie G\u00fcter oder Personen bef\u00f6rdern.<\/span><\/div>\n<p>[\/vc_column_text][\/vc_tta_section][vc_tta_section title=&#8221;Wie lange ist die G\u00fcltigkeit der erworbenen Berufsqualifikation, die mit Code 95 gekennzeichnet ist?&#8221; tab_id=&#8221;1648066157304-e0e5ffdb-51af&#8221;][vc_column_text]<\/p>\n<div><span lang=\"DE\">Eine erworbene Berufsqualifikation mit Code 95 ist 5 Jahre ab dem Datum des Erwerbs g\u00fcltig. Nach f\u00fcnf Jahren m\u00fcssen Sie Ihre Kenntnisse erneuern.<\/span><\/div>\n<p>[\/vc_column_text][\/vc_tta_section][vc_tta_section title=&#8221;Wer braucht eine Berufsausbildung?&#8221; tab_id=&#8221;1648066219489-c6b6d1c7-8770&#8243;][vc_column_text]<\/p>\n<div><span lang=\"DE\">95-Code ist f\u00fcr Fahrer, einschlie\u00dflich der bei Verkehrsunternehmen der Republik Litauen besch\u00e4ftigten Fahrer, erforderlich, die keine B\u00fcrger der Europ\u00e4ischen Union sind und die zu gewerblichen Zwecken Fahrg\u00e4ste oder G\u00fcter in Fahrzeugen der Klassen C1, C1E, C, CE, D1, D1E, D, DE auf den Stra\u00dfen der Europ\u00e4ischen Union bef\u00f6rdern.<\/span><\/div>\n<p>[\/vc_column_text][\/vc_tta_section][\/vc_tta_accordion][\/vc_column][\/vc_row]<\/p>\n<\/div>","protected":false},"excerpt":{"rendered":"<p>[vc_row full_width=&#8221;stretch_row&#8221; equal_height=&#8221;yes&#8221; content_placement=&#8221;middle&#8221;][vc_column css_animation=&#8221;fadeInLeft&#8221; width=&#8221;1\/2&#8243; css=&#8221;.vc_custom_1649018740519{border-top-width: 1px !important;border-bottom-width: 1px !important;border-left-width: 1px !important;padding-top: 40px !important;padding-right: 50px !important;padding-bottom: 10px !important;padding-left: 50px !important;border-left-color: rgba(51,51,51,0.11) !important;border-left-style: solid !important;border-top-color: rgba(51,51,51,0.11) !important;border-top-style: solid !important;border-bottom-color: rgba(51,51,51,0.11) !important;border-bottom-style: solid !important;}&#8221;][vc_column_text] Die Unternehmensgruppe von \u201cBleiras Logistics\u201d hat das Zentrum f\u00fcr Fahrerausbildung ENLETA gegr\u00fcndet, in dem wir k\u00fcnftige Fahrer auf ihren Beruf vorbereiten und&hellip;<\/p>\n","protected":false},"author":1,"featured_media":0,"parent":0,"menu_order":0,"comment_status":"closed","ping_status":"closed","template":"","meta":{"footnotes":""},"class_list":["post-1166","page","type-page","status-publish","hentry","description-off"],"yoast_head":"<!-- This site is optimized with the Yoast SEO plugin v21.7 - https:\/\/yoast.com\/wordpress\/plugins\/seo\/ -->\n<title>Zentrum f\u00fcr Fahrerausbildung - Bleiras Logistics<\/title>\n<meta name=\"robots\" content=\"index, follow, max-snippet:-1, max-image-preview:large, max-video-preview:-1\" \/>\n<link rel=\"canonical\" href=\"https:\/\/www.bleiras.lt\/de\/zentrum-fuer-fahrerausbildung\/\" \/>\n<meta property=\"og:locale\" content=\"de_DE\" \/>\n<meta property=\"og:type\" content=\"article\" \/>\n<meta property=\"og:title\" content=\"Zentrum f\u00fcr Fahrerausbildung - Bleiras Logistics\" \/>\n<meta property=\"og:description\" content=\"[vc_row full_width=&#8221;stretch_row&#8221; equal_height=&#8221;yes&#8221; content_placement=&#8221;middle&#8221;][vc_column css_animation=&#8221;fadeInLeft&#8221; width=&#8221;1\/2&#8243; css=&#8221;.vc_custom_1649018740519{border-top-width: 1px !important;border-bottom-width: 1px !important;border-left-width: 1px !important;padding-top: 40px !important;padding-right: 50px !important;padding-bottom: 10px !important;padding-left: 50px !important;border-left-color: rgba(51,51,51,0.11) !important;border-left-style: solid !important;border-top-color: rgba(51,51,51,0.11) !important;border-top-style: solid !important;border-bottom-color: rgba(51,51,51,0.11) !important;border-bottom-style: solid !important;}&#8221;][vc_column_text] Die Unternehmensgruppe von \u201cBleiras Logistics\u201d hat das Zentrum f\u00fcr Fahrerausbildung ENLETA gegr\u00fcndet, in dem wir k\u00fcnftige Fahrer auf ihren Beruf vorbereiten und&hellip;\" \/>\n<meta property=\"og:url\" content=\"https:\/\/www.bleiras.lt\/de\/zentrum-fuer-fahrerausbildung\/\" \/>\n<meta property=\"og:site_name\" content=\"Bleiras Logistics\" \/>\n<meta property=\"article:modified_time\" content=\"2025-09-22T10:29:56+00:00\" \/>\n<meta property=\"og:image\" content=\"https:\/\/www.bleiras.lt\/wp-content\/uploads\/2022\/07\/Pagrindine-foto-01-01-2-2-2-2.jpg\" \/>\n\t<meta property=\"og:image:width\" content=\"2200\" \/>\n\t<meta property=\"og:image:height\" content=\"892\" \/>\n\t<meta property=\"og:image:type\" content=\"image\/jpeg\" \/>\n<meta name=\"twitter:card\" content=\"summary_large_image\" \/>\n<meta name=\"twitter:label1\" content=\"Gesch\u00e4tzte Lesezeit\" \/>\n\t<meta name=\"twitter:data1\" content=\"5\u00a0Minuten\" \/>\n<script type=\"application\/ld+json\" class=\"yoast-schema-graph\">{\"@context\":\"https:\/\/schema.org\",\"@graph\":[{\"@type\":\"WebPage\",\"@id\":\"https:\/\/www.bleiras.lt\/de\/zentrum-fuer-fahrerausbildung\/\",\"url\":\"https:\/\/www.bleiras.lt\/de\/zentrum-fuer-fahrerausbildung\/\",\"name\":\"Zentrum f\u00fcr Fahrerausbildung - Bleiras Logistics\",\"isPartOf\":{\"@id\":\"https:\/\/www.bleiras.lt\/#website\"},\"datePublished\":\"2022-05-09T14:34:30+00:00\",\"dateModified\":\"2025-09-22T10:29:56+00:00\",\"breadcrumb\":{\"@id\":\"https:\/\/www.bleiras.lt\/de\/zentrum-fuer-fahrerausbildung\/#breadcrumb\"},\"inLanguage\":\"de\",\"potentialAction\":[{\"@type\":\"ReadAction\",\"target\":[\"https:\/\/www.bleiras.lt\/de\/zentrum-fuer-fahrerausbildung\/\"]}]},{\"@type\":\"BreadcrumbList\",\"@id\":\"https:\/\/www.bleiras.lt\/de\/zentrum-fuer-fahrerausbildung\/#breadcrumb\",\"itemListElement\":[{\"@type\":\"ListItem\",\"position\":1,\"name\":\"Home\",\"item\":\"https:\/\/www.bleiras.lt\/\"},{\"@type\":\"ListItem\",\"position\":2,\"name\":\"Zentrum f\u00fcr Fahrerausbildung\"}]},{\"@type\":\"WebSite\",\"@id\":\"https:\/\/www.bleiras.lt\/#website\",\"url\":\"https:\/\/www.bleiras.lt\/\",\"name\":\"Bleiras Logistics\",\"description\":\"Your partner on the road since 1994\",\"publisher\":{\"@id\":\"https:\/\/www.bleiras.lt\/#organization\"},\"potentialAction\":[{\"@type\":\"SearchAction\",\"target\":{\"@type\":\"EntryPoint\",\"urlTemplate\":\"https:\/\/www.bleiras.lt\/?s={search_term_string}\"},\"query-input\":\"required name=search_term_string\"}],\"inLanguage\":\"de\"},{\"@type\":\"Organization\",\"@id\":\"https:\/\/www.bleiras.lt\/#organization\",\"name\":\"Bleiras Logistics\",\"url\":\"https:\/\/www.bleiras.lt\/\",\"logo\":{\"@type\":\"ImageObject\",\"inLanguage\":\"de\",\"@id\":\"https:\/\/www.bleiras.lt\/#\/schema\/logo\/image\/\",\"url\":\"https:\/\/www.bleiras.lt\/wp-content\/uploads\/2022\/02\/bleiras-logo-red-floating.svg\",\"contentUrl\":\"https:\/\/www.bleiras.lt\/wp-content\/uploads\/2022\/02\/bleiras-logo-red-floating.svg\",\"width\":1,\"height\":1,\"caption\":\"Bleiras Logistics\"},\"image\":{\"@id\":\"https:\/\/www.bleiras.lt\/#\/schema\/logo\/image\/\"}}]}<\/script>\n<!-- \/ Yoast SEO plugin. -->","yoast_head_json":{"title":"Zentrum f\u00fcr Fahrerausbildung - Bleiras Logistics","robots":{"index":"index","follow":"follow","max-snippet":"max-snippet:-1","max-image-preview":"max-image-preview:large","max-video-preview":"max-video-preview:-1"},"canonical":"https:\/\/www.bleiras.lt\/de\/zentrum-fuer-fahrerausbildung\/","og_locale":"de_DE","og_type":"article","og_title":"Zentrum f\u00fcr Fahrerausbildung - Bleiras Logistics","og_description":"[vc_row full_width=&#8221;stretch_row&#8221; equal_height=&#8221;yes&#8221; content_placement=&#8221;middle&#8221;][vc_column css_animation=&#8221;fadeInLeft&#8221; width=&#8221;1\/2&#8243; css=&#8221;.vc_custom_1649018740519{border-top-width: 1px !important;border-bottom-width: 1px !important;border-left-width: 1px !important;padding-top: 40px !important;padding-right: 50px !important;padding-bottom: 10px !important;padding-left: 50px !important;border-left-color: rgba(51,51,51,0.11) !important;border-left-style: solid !important;border-top-color: rgba(51,51,51,0.11) !important;border-top-style: solid !important;border-bottom-color: rgba(51,51,51,0.11) !important;border-bottom-style: solid !important;}&#8221;][vc_column_text] Die Unternehmensgruppe von \u201cBleiras Logistics\u201d hat das Zentrum f\u00fcr Fahrerausbildung ENLETA gegr\u00fcndet, in dem wir k\u00fcnftige Fahrer auf ihren Beruf vorbereiten und&hellip;","og_url":"https:\/\/www.bleiras.lt\/de\/zentrum-fuer-fahrerausbildung\/","og_site_name":"Bleiras Logistics","article_modified_time":"2025-09-22T10:29:56+00:00","og_image":[{"width":2200,"height":892,"url":"https:\/\/www.bleiras.lt\/wp-content\/uploads\/2022\/07\/Pagrindine-foto-01-01-2-2-2-2.jpg","type":"image\/jpeg"}],"twitter_card":"summary_large_image","twitter_misc":{"Gesch\u00e4tzte Lesezeit":"5\u00a0Minuten"},"schema":{"@context":"https:\/\/schema.org","@graph":[{"@type":"WebPage","@id":"https:\/\/www.bleiras.lt\/de\/zentrum-fuer-fahrerausbildung\/","url":"https:\/\/www.bleiras.lt\/de\/zentrum-fuer-fahrerausbildung\/","name":"Zentrum f\u00fcr Fahrerausbildung - Bleiras Logistics","isPartOf":{"@id":"https:\/\/www.bleiras.lt\/#website"},"datePublished":"2022-05-09T14:34:30+00:00","dateModified":"2025-09-22T10:29:56+00:00","breadcrumb":{"@id":"https:\/\/www.bleiras.lt\/de\/zentrum-fuer-fahrerausbildung\/#breadcrumb"},"inLanguage":"de","potentialAction":[{"@type":"ReadAction","target":["https:\/\/www.bleiras.lt\/de\/zentrum-fuer-fahrerausbildung\/"]}]},{"@type":"BreadcrumbList","@id":"https:\/\/www.bleiras.lt\/de\/zentrum-fuer-fahrerausbildung\/#breadcrumb","itemListElement":[{"@type":"ListItem","position":1,"name":"Home","item":"https:\/\/www.bleiras.lt\/"},{"@type":"ListItem","position":2,"name":"Zentrum f\u00fcr Fahrerausbildung"}]},{"@type":"WebSite","@id":"https:\/\/www.bleiras.lt\/#website","url":"https:\/\/www.bleiras.lt\/","name":"Bleiras Logistics","description":"Your partner on the road since 1994","publisher":{"@id":"https:\/\/www.bleiras.lt\/#organization"},"potentialAction":[{"@type":"SearchAction","target":{"@type":"EntryPoint","urlTemplate":"https:\/\/www.bleiras.lt\/?s={search_term_string}"},"query-input":"required name=search_term_string"}],"inLanguage":"de"},{"@type":"Organization","@id":"https:\/\/www.bleiras.lt\/#organization","name":"Bleiras Logistics","url":"https:\/\/www.bleiras.lt\/","logo":{"@type":"ImageObject","inLanguage":"de","@id":"https:\/\/www.bleiras.lt\/#\/schema\/logo\/image\/","url":"https:\/\/www.bleiras.lt\/wp-content\/uploads\/2022\/02\/bleiras-logo-red-floating.svg","contentUrl":"https:\/\/www.bleiras.lt\/wp-content\/uploads\/2022\/02\/bleiras-logo-red-floating.svg","width":1,"height":1,"caption":"Bleiras Logistics"},"image":{"@id":"https:\/\/www.bleiras.lt\/#\/schema\/logo\/image\/"}}]}},"_links":{"self":[{"href":"https:\/\/www.bleiras.lt\/de\/wp-json\/wp\/v2\/pages\/1166","targetHints":{"allow":["GET"]}}],"collection":[{"href":"https:\/\/www.bleiras.lt\/de\/wp-json\/wp\/v2\/pages"}],"about":[{"href":"https:\/\/www.bleiras.lt\/de\/wp-json\/wp\/v2\/types\/page"}],"author":[{"embeddable":true,"href":"https:\/\/www.bleiras.lt\/de\/wp-json\/wp\/v2\/users\/1"}],"replies":[{"embeddable":true,"href":"https:\/\/www.bleiras.lt\/de\/wp-json\/wp\/v2\/comments?post=1166"}],"version-history":[{"count":7,"href":"https:\/\/www.bleiras.lt\/de\/wp-json\/wp\/v2\/pages\/1166\/revisions"}],"predecessor-version":[{"id":2010,"href":"https:\/\/www.bleiras.lt\/de\/wp-json\/wp\/v2\/pages\/1166\/revisions\/2010"}],"wp:attachment":[{"href":"https:\/\/www.bleiras.lt\/de\/wp-json\/wp\/v2\/media?parent=1166"}],"curies":[{"name":"wp","href":"https:\/\/api.w.org\/{rel}","templated":true}]}}